{"id":423,"date":"2021-07-14T11:00:36","date_gmt":"2021-07-14T11:00:36","guid":{"rendered":"https:\/\/motelinfinit.ro\/?page_id=423"},"modified":"2021-07-14T11:00:40","modified_gmt":"2021-07-14T11:00:40","slug":"despre-noi","status":"publish","type":"page","link":"https:\/\/motelinfinit.ro\/index.php\/despre-noi\/","title":{"rendered":"Despre noi"},"content":{"rendered":"<p>[et_pb_section fb_built=&#8221;1&#8243; _builder_version=&#8221;4.9.7&#8243; _module_preset=&#8221;default&#8221;][et_pb_row _builder_version=&#8221;4.9.7&#8243; _module_preset=&#8221;default&#8221; column_structure=&#8221;2_3,1_3&#8243;][et_pb_column _builder_version=&#8221;4.9.7&#8243; _module_preset=&#8221;default&#8221; type=&#8221;2_3&#8243;][et_pb_text _builder_version=&#8221;4.9.7&#8243; _module_preset=&#8221;default&#8221; hover_enabled=&#8221;0&#8243; sticky_enabled=&#8221;0&#8243;]<br \/>\n\tMotelul Infinit din T\u00e2rgu-Jiu reprezint\u0103 unul dintre pu\u021binele locuri \u00een care toate a\u0219tept\u0103rile dumneavoastr\u0103 vor fi dep\u0103\u0219ite \u0219i cu siguran\u021b\u0103 locul \u00een care ve\u021bi vrea s\u0103 v\u0103 \u00eentoarce\u021bi c\u00e2t mai cur\u00e2nd posibil.<br \/>\n\tCu to\u021bii, atunci c\u00e2nd ne g\u00e2ndim la o excursie sau chiar la o c\u0103l\u0103torie legat\u0103 de munc\u0103, ne g\u00e2ndim care ar fi cel mai potrivit loc \u00een care s\u0103 ne caz\u0103m.<br \/>\nMotelul Infinit este o loca\u021bie nou\u0103, superb\u0103, ce creeaz\u0103 o atmosfer\u0103 inspirat\u0103 din basme. Amabilitatea personalului, cur\u0103\u021benia exemplar\u0103, confortul de nota zece \u0219i o atmosfer\u0103 cald\u0103 \u0219i primitoare cum nu a\u021bi mai \u00eent\u00e2lnit sunt doar c\u00e2teva lucruri pe care cu certitudine le ve\u021bi adora.<br \/>\n   \tSituat la 3,5 km de centrul ora\u0219ului \u0219i la o distan\u021b\u0103 de 94,6 km de Aeroportul Interna\u021bional Craiova, Hotelul Infinit v\u0103 pune la dispozi\u021bie spa\u021bii de cazare cu recep\u021bie non-stop \u0219i room service,restaurant \u0219i bar unde ve\u021bi putea savura o varietate de preparate \u0219i b\u0103uturi de neuitat, dormitoare dotate cu: aer condi\u021bionat, dulap, birou, TV cu ecran plat, baie privat\u0103 cu articole de baie gratuite \u0219i balcon cu vedere spre ora\u0219 sau munte, dup\u0103 preferin\u021bele oaspe\u021bilor. Oaspe\u021bii beneficiaz\u0103 de parcare gratuit\u0103, o gr\u0103din\u0103 \u0219i terase de ale c\u0103ror priveli\u0219ti v\u0103 ve\u021bi \u00eendr\u0103gosti, acces gratuit la WI-FI, \u0219i, mai mult dec\u00e2t at\u00e2t, animalele de companie v\u0103 pot \u00eenso\u021bi \u0219i de aceast\u0103 dat\u0103, accesul acestora fiind permis oriunde \u00een incinta hotelului.<\/p>\n<p>\tT\u00e2rgu-Jiu este un ora\u0219 cunoscut \u0219i datorit\u0103 Ansamblului Sculptural Constantin Br\u00e2ncu\u0219i, cunoscut \u0219i sub numele de Ansamblul Monumental \u201eCalea Eroilor\u201d de la T\u00e2rgu-Jiu, ce reprezint\u0103 un omagiu adus eroilor c\u0103zu\u021bi \u00een timpul Primului R\u0103zboi Mondial, proiectat \u0219i construit de Constantin Br\u00e2ncu\u0219i. Cele patru componente sculpturale pe care acesta le cuprinde \u2014 Masa t\u0103cerii, Aleea scaunelor, Poarta s\u0103rutului \u0219i Coloana f\u0103r\u0103 sf\u00e2r\u0219it \u2014 sunt dispuse pe aceea\u0219i ax\u0103, orientat\u0103 de la apus spre r\u0103s\u0103rit, cu o lungime de 1275 m.<\/p>\n<p>Hotelul Infinit v\u0103 aduce la o distan\u021b\u0103 rezonabil\u0103 fa\u021b\u0103 de aceste minunate sculpturi, acesta afl\u00e2ndu-se la numai 2 km de Coloana Infinitului\/ Coloana f\u0103r\u0103 sf\u00e2r\u0219it (la doar 30 de minute de mers pe jos) \u0219i la 3,7 km de Masa t\u0103cerii, Aleea scaunelor \u0219i, respectiv, de Poarta s\u0103rutului. <\/p>\n<p>\tDac\u0103 v\u0103 dori\u021bi o cazare de neuitat, care s\u0103 v\u0103 surprind\u0103 \u00een cele mai pl\u0103cute moduri \u0219i la care s\u0103 v\u0103 dori\u021bi s\u0103 reveni\u021bi cu orice ocazie, nu ar trebui s\u0103 mai sta\u021bi pe g\u00e2nduri, Motelul Infinit este cea mai bun\u0103 alegere pe care a\u021bi putea s\u0103 o face\u021bi.<\/p>\n<p>[\/et_pb_text][\/et_pb_column][et_pb_column _builder_version=&#8221;4.9.7&#8243; _module_preset=&#8221;default&#8221; type=&#8221;1_3&#8243;][et_pb_sidebar _builder_version=&#8221;4.9.7&#8243; _module_preset=&#8221;default&#8221; hover_enabled=&#8221;0&#8243; sticky_enabled=&#8221;0&#8243;][\/et_pb_sidebar][\/et_pb_column][\/et_pb_row][\/et_pb_section]<\/p>\n","protected":false},"excerpt":{"rendered":"<p>Motelul Infinit din T\u00e2rgu-Jiu reprezint\u0103 unul dintre pu\u021binele locuri \u00een care toate a\u0219tept\u0103rile dumneavoastr\u0103 vor fi dep\u0103\u0219ite \u0219i cu siguran\u021b\u0103 locul \u00een care ve\u021bi vrea s\u0103 v\u0103 \u00eentoarce\u021bi c\u00e2t mai cur\u00e2nd posibil. Cu to\u021bii, atunci c\u00e2nd ne g\u00e2ndim la o excursie sau chiar la o c\u0103l\u0103torie legat\u0103 de munc\u0103, ne g\u00e2ndim care ar fi cel [&hellip;]<\/p>\n","protected":false},"author":1,"featured_media":0,"parent":0,"menu_order":0,"comment_status":"closed","ping_status":"closed","template":"","meta":{"_et_pb_use_builder":"on","_et_pb_old_content":"","_et_gb_content_width":"","footnotes":""},"class_list":["post-423","page","type-page","status-publish","hentry"],"_links":{"self":[{"href":"https:\/\/motelinfinit.ro\/index.php\/wp-json\/wp\/v2\/pages\/423","targetHints":{"allow":["GET"]}}],"collection":[{"href":"https:\/\/motelinfinit.ro\/index.php\/wp-json\/wp\/v2\/pages"}],"about":[{"href":"https:\/\/motelinfinit.ro\/index.php\/wp-json\/wp\/v2\/types\/page"}],"author":[{"embeddable":true,"href":"https:\/\/motelinfinit.ro\/index.php\/wp-json\/wp\/v2\/users\/1"}],"replies":[{"embeddable":true,"href":"https:\/\/motelinfinit.ro\/index.php\/wp-json\/wp\/v2\/comments?post=423"}],"version-history":[{"count":2,"href":"https:\/\/motelinfinit.ro\/index.php\/wp-json\/wp\/v2\/pages\/423\/revisions"}],"predecessor-version":[{"id":426,"href":"https:\/\/motelinfinit.ro\/index.php\/wp-json\/wp\/v2\/pages\/423\/revisions\/426"}],"wp:attachment":[{"href":"https:\/\/motelinfinit.ro\/index.php\/wp-json\/wp\/v2\/media?parent=423"}],"curies":[{"name":"wp","href":"https:\/\/api.w.org\/{rel}","templated":true}]}}