{"id":140,"date":"2019-10-28T12:33:59","date_gmt":"2019-10-28T12:33:59","guid":{"rendered":"https:\/\/motelinfinit.ro\/?page_id=140"},"modified":"2021-07-14T09:58:27","modified_gmt":"2021-07-14T09:58:27","slug":"cazare","status":"publish","type":"page","link":"https:\/\/motelinfinit.ro\/index.php\/cazare\/","title":{"rendered":"Cazare"},"content":{"rendered":"<p>[et_pb_section fb_built=&#8221;1&#8243; specialty=&#8221;on&#8221; _builder_version=&#8221;4.0.3&#8243;][et_pb_column type=&#8221;3_4&#8243; specialty_columns=&#8221;3&#8243; _builder_version=&#8221;3.25&#8243; custom_padding=&#8221;|||&#8221; custom_padding__hover=&#8221;|||&#8221;][et_pb_row_inner _builder_version=&#8221;4.0.3&#8243; max_width_tablet=&#8221;&#8221; max_width_phone=&#8221;&#8221; max_width_last_edited=&#8221;on|phone&#8221;][et_pb_column_inner saved_specialty_column_type=&#8221;3_4&#8243; _builder_version=&#8221;4.0.3&#8243;][et_pb_image src=&#8221;https:\/\/motelinfinit.ro\/wp-content\/uploads\/2019\/10\/receptie.jpg&#8221; force_fullwidth=&#8221;on&#8221; _builder_version=&#8221;4.0.3&#8243; custom_margin=&#8221;||-2px|||&#8221;][\/et_pb_image][\/et_pb_column_inner][\/et_pb_row_inner][et_pb_row_inner column_structure=&#8221;1_3,1_3,1_3&#8243; _builder_version=&#8221;4.0.3&#8243;][et_pb_column_inner type=&#8221;1_3&#8243; saved_specialty_column_type=&#8221;3_4&#8243; _builder_version=&#8221;4.0.3&#8243;][et_pb_image _builder_version=&#8221;4.9.7&#8243; hover_enabled=&#8221;0&#8243; sticky_enabled=&#8221;0&#8243;][\/et_pb_image][\/et_pb_column_inner][et_pb_column_inner type=&#8221;1_3&#8243; saved_specialty_column_type=&#8221;3_4&#8243; _builder_version=&#8221;4.0.3&#8243;][et_pb_image _builder_version=&#8221;4.9.7&#8243; hover_enabled=&#8221;0&#8243; sticky_enabled=&#8221;0&#8243;][\/et_pb_image][\/et_pb_column_inner][et_pb_column_inner type=&#8221;1_3&#8243; saved_specialty_column_type=&#8221;3_4&#8243; _builder_version=&#8221;4.0.3&#8243;][et_pb_image _builder_version=&#8221;4.9.7&#8243; hover_enabled=&#8221;0&#8243; sticky_enabled=&#8221;0&#8243;][\/et_pb_image][\/et_pb_column_inner][\/et_pb_row_inner][et_pb_row_inner _builder_version=&#8221;4.0.3&#8243;][et_pb_column_inner saved_specialty_column_type=&#8221;3_4&#8243; _builder_version=&#8221;4.0.3&#8243;][et_pb_text _builder_version=&#8221;4.9.7&#8243; custom_margin=&#8221;5px|15px|5px|15px|false|false&#8221; custom_padding=&#8221;0px||||false|false&#8221; hover_enabled=&#8221;0&#8243; sticky_enabled=&#8221;0&#8243;]<strong>Motlelul Infinit din T\u00e2rgu Jiu, v\u0103 pune la dispozi\u021bie<\/strong>\u00a0 10\u00a0 \u00a0camere  duble cu balcon si 10 camere single cu balcon<\/p>\n<div><strong>Facitilit\u0103\u0163i:<\/strong><\/div>\n<ul>\n<li>Aer condi\u0163ionat<\/li>\n<li>LCD TV + Televiziune prin cablu<\/li>\n<li>Internet gratuit<\/li>\n<li>Room Service<\/li>\n<li>Uscator de par<\/li>\n<\/ul>\n<div><strong>Modalitati de plata:<\/strong><\/div>\n<ul>\n<li>Plata Cash la receptie<\/li>\n<\/ul>\n<p>[\/et_pb_text][\/et_pb_column_inner][\/et_pb_row_inner][\/et_pb_column][et_pb_column type=&#8221;1_4&#8243; _builder_version=&#8221;3.25&#8243; custom_padding=&#8221;|||&#8221; custom_padding__hover=&#8221;|||&#8221;][et_pb_sidebar _builder_version=&#8221;4.0.3&#8243;][\/et_pb_sidebar][\/et_pb_column][\/et_pb_section][et_pb_section fb_built=&#8221;1&#8243; _builder_version=&#8221;4.0.3&#8243;][\/et_pb_section]<\/p>\n","protected":false},"excerpt":{"rendered":"<p>Motlelul Infinit din T\u00e2rgu Jiu, v\u0103 pune la dispozi\u021bie\u00a0 10\u00a0 \u00a0camere duble cu balcon si 10 camere single cu balcon Facitilit\u0103\u0163i: Aer condi\u0163ionat LCD TV + Televiziune prin cablu Internet gratuit Room Service Uscator de par Modalitati de plata: Plata Cash la receptie<\/p>\n","protected":false},"author":1,"featured_media":0,"parent":0,"menu_order":0,"comment_status":"closed","ping_status":"closed","template":"","meta":{"_et_pb_use_builder":"on","_et_pb_old_content":"","_et_gb_content_width":"","footnotes":""},"class_list":["post-140","page","type-page","status-publish","hentry"],"_links":{"self":[{"href":"https:\/\/motelinfinit.ro\/index.php\/wp-json\/wp\/v2\/pages\/140","targetHints":{"allow":["GET"]}}],"collection":[{"href":"https:\/\/motelinfinit.ro\/index.php\/wp-json\/wp\/v2\/pages"}],"about":[{"href":"https:\/\/motelinfinit.ro\/index.php\/wp-json\/wp\/v2\/types\/page"}],"author":[{"embeddable":true,"href":"https:\/\/motelinfinit.ro\/index.php\/wp-json\/wp\/v2\/users\/1"}],"replies":[{"embeddable":true,"href":"https:\/\/motelinfinit.ro\/index.php\/wp-json\/wp\/v2\/comments?post=140"}],"version-history":[{"count":19,"href":"https:\/\/motelinfinit.ro\/index.php\/wp-json\/wp\/v2\/pages\/140\/revisions"}],"predecessor-version":[{"id":379,"href":"https:\/\/motelinfinit.ro\/index.php\/wp-json\/wp\/v2\/pages\/140\/revisions\/379"}],"wp:attachment":[{"href":"https:\/\/motelinfinit.ro\/index.php\/wp-json\/wp\/v2\/media?parent=140"}],"curies":[{"name":"wp","href":"https:\/\/api.w.org\/{rel}","templated":true}]}}